{"id":1575,"date":"2020-11-17T15:10:04","date_gmt":"2020-11-17T15:10:04","guid":{"rendered":"http:\/\/www.grafas.org\/demo04\/?page_id=1575"},"modified":"2024-03-12T12:01:25","modified_gmt":"2024-03-12T12:01:25","slug":"a-propos","status":"publish","type":"page","link":"https:\/\/taxibonjourquebec.com\/en\/a-propos\/","title":{"rendered":"A Propos"},"content":{"rendered":"<div data-elementor-type=\"wp-page\" data-elementor-id=\"1575\" class=\"elementor elementor-1575\" data-elementor-post-type=\"page\">\n\t\t\t\t<div class=\"elementor-element elementor-element-0942015 e-con-full e-flex e-con e-parent\" data-id=\"0942015\" data-element_type=\"container\">\n\t\t\t\t<div class=\"elementor-element elementor-element-c41b592 elementor-widget elementor-widget-image\" data-id=\"c41b592\" data-element_type=\"widget\" data-widget_type=\"image.default\">\n\t\t\t\t<div class=\"elementor-widget-container\">\n\t\t\t\t\t\t\t\t\t\t\t\t\t\t\t<img fetchpriority=\"high\" decoding=\"async\" width=\"1600\" height=\"500\" src=\"https:\/\/taxibonjourquebec.com\/wp-content\/uploads\/2024\/03\/Photo-Site-Taxi-Bonjour-1-2.png\" class=\"attachment-full size-full wp-image-4254\" alt=\"Photo Site Taxi Bonjour (1)\" srcset=\"https:\/\/taxibonjourquebec.com\/wp-content\/uploads\/2024\/03\/Photo-Site-Taxi-Bonjour-1-2.png 1600w, https:\/\/taxibonjourquebec.com\/wp-content\/uploads\/2024\/03\/Photo-Site-Taxi-Bonjour-1-2-300x94.png 300w, https:\/\/taxibonjourquebec.com\/wp-content\/uploads\/2024\/03\/Photo-Site-Taxi-Bonjour-1-2-1024x320.png 1024w, https:\/\/taxibonjourquebec.com\/wp-content\/uploads\/2024\/03\/Photo-Site-Taxi-Bonjour-1-2-768x240.png 768w, https:\/\/taxibonjourquebec.com\/wp-content\/uploads\/2024\/03\/Photo-Site-Taxi-Bonjour-1-2-1536x480.png 1536w, https:\/\/taxibonjourquebec.com\/wp-content\/uploads\/2024\/03\/Photo-Site-Taxi-Bonjour-1-2-18x6.png 18w\" sizes=\"(max-width: 1600px) 100vw, 1600px\" \/>\t\t\t\t\t\t\t\t\t\t\t\t\t\t\t<\/div>\n\t\t\t\t<\/div>\n\t\t\t\t<\/div>\n\t\t\t\t<section class=\"elementor-section elementor-top-section elementor-element elementor-element-363c1e27 elementor-section-full_width elementor-section-height-default elementor-section-height-default\" data-id=\"363c1e27\" data-element_type=\"section\">\n\t\t\t\t\t\t<div class=\"elementor-container elementor-column-gap-default\">\n\t\t\t\t\t<div class=\"elementor-column elementor-col-100 elementor-top-column elementor-element elementor-element-69e9cd3f\" data-id=\"69e9cd3f\" data-element_type=\"column\" data-settings=\"{&quot;background_background&quot;:&quot;classic&quot;}\">\n\t\t\t<div class=\"elementor-widget-wrap elementor-element-populated\">\n\t\t\t\t\t\t<section class=\"elementor-section elementor-inner-section elementor-element elementor-element-f6067a0 elementor-section-boxed elementor-section-height-default elementor-section-height-default\" data-id=\"f6067a0\" data-element_type=\"section\">\n\t\t\t\t\t\t<div class=\"elementor-container elementor-column-gap-default\">\n\t\t\t\t\t<div class=\"elementor-column elementor-col-50 elementor-inner-column elementor-element elementor-element-d0f659c elementor-hidden-tablet elementor-hidden-phone\" data-id=\"d0f659c\" data-element_type=\"column\">\n\t\t\t<div class=\"elementor-widget-wrap\">\n\t\t\t\t\t\t\t<\/div>\n\t\t<\/div>\n\t\t\t\t<div class=\"elementor-column elementor-col-50 elementor-inner-column elementor-element elementor-element-c643472\" data-id=\"c643472\" data-element_type=\"column\">\n\t\t\t<div class=\"elementor-widget-wrap elementor-element-populated\">\n\t\t\t\t\t\t<div class=\"elementor-element elementor-element-6499f21e elementor-widget elementor-widget-spacer\" data-id=\"6499f21e\" data-element_type=\"widget\" data-widget_type=\"spacer.default\">\n\t\t\t\t<div class=\"elementor-widget-container\">\n\t\t\t\t\t\t\t<div class=\"elementor-spacer\">\n\t\t\t<div class=\"elementor-spacer-inner\"><\/div>\n\t\t<\/div>\n\t\t\t\t\t\t<\/div>\n\t\t\t\t<\/div>\n\t\t\t\t\t<\/div>\n\t\t<\/div>\n\t\t\t\t\t<\/div>\n\t\t<\/section>\n\t\t\t\t\t<\/div>\n\t\t<\/div>\n\t\t\t\t\t<\/div>\n\t\t<\/section>\n\t\t\t\t<section class=\"elementor-section elementor-top-section elementor-element elementor-element-549729a7 elementor-section-boxed elementor-section-height-default elementor-section-height-default\" data-id=\"549729a7\" data-element_type=\"section\" data-settings=\"{&quot;background_background&quot;:&quot;classic&quot;}\">\n\t\t\t\t\t\t<div class=\"elementor-container elementor-column-gap-default\">\n\t\t\t\t\t<div class=\"elementor-column elementor-col-50 elementor-top-column elementor-element elementor-element-2f89ff5c\" data-id=\"2f89ff5c\" data-element_type=\"column\">\n\t\t\t<div class=\"elementor-widget-wrap elementor-element-populated\">\n\t\t\t\t\t\t<div class=\"elementor-element elementor-element-88d013c elementor-hidden-tablet elementor-hidden-mobile elementor-widget elementor-widget-image\" data-id=\"88d013c\" data-element_type=\"widget\" data-widget_type=\"image.default\">\n\t\t\t\t<div class=\"elementor-widget-container\">\n\t\t\t\t\t\t\t\t\t\t\t\t\t\t\t<img decoding=\"async\" width=\"800\" height=\"955\" src=\"https:\/\/taxibonjourquebec.com\/wp-content\/uploads\/2024\/03\/Book-a-cab.png\" class=\"attachment-full size-full wp-image-4388\" alt=\"Book A Cab\" srcset=\"https:\/\/taxibonjourquebec.com\/wp-content\/uploads\/2024\/03\/Book-a-cab.png 800w, https:\/\/taxibonjourquebec.com\/wp-content\/uploads\/2024\/03\/Book-a-cab-251x300.png 251w, https:\/\/taxibonjourquebec.com\/wp-content\/uploads\/2024\/03\/Book-a-cab-768x917.png 768w, https:\/\/taxibonjourquebec.com\/wp-content\/uploads\/2024\/03\/Book-a-cab-10x12.png 10w\" sizes=\"(max-width: 800px) 100vw, 800px\" \/>\t\t\t\t\t\t\t\t\t\t\t\t\t\t\t<\/div>\n\t\t\t\t<\/div>\n\t\t\t\t\t<\/div>\n\t\t<\/div>\n\t\t\t\t<div class=\"elementor-column elementor-col-50 elementor-top-column elementor-element elementor-element-385a429\" data-id=\"385a429\" data-element_type=\"column\">\n\t\t\t<div class=\"elementor-widget-wrap elementor-element-populated\">\n\t\t\t\t\t\t<section class=\"elementor-section elementor-inner-section elementor-element elementor-element-251ed17 elementor-section-boxed elementor-section-height-default elementor-section-height-default\" data-id=\"251ed17\" data-element_type=\"section\" data-settings=\"{&quot;background_background&quot;:&quot;classic&quot;}\">\n\t\t\t\t\t\t<div class=\"elementor-container elementor-column-gap-default\">\n\t\t\t\t\t<div class=\"elementor-column elementor-col-100 elementor-inner-column elementor-element elementor-element-43a13bad\" data-id=\"43a13bad\" data-element_type=\"column\">\n\t\t\t<div class=\"elementor-widget-wrap elementor-element-populated\">\n\t\t\t\t\t\t<div class=\"elementor-element elementor-element-10db5a3e elementor-widget elementor-widget-heading\" data-id=\"10db5a3e\" data-element_type=\"widget\" data-widget_type=\"heading.default\">\n\t\t\t\t<div class=\"elementor-widget-container\">\n\t\t\t\t\t<h3 class=\"elementor-heading-title elementor-size-default\">About Taxi Bonjour Qu\u00e9bec<\/h3>\t\t\t\t<\/div>\n\t\t\t\t<\/div>\n\t\t\t\t<div class=\"elementor-element elementor-element-5e7e3110 elementor-widget elementor-widget-text-editor\" data-id=\"5e7e3110\" data-element_type=\"widget\" data-widget_type=\"text-editor.default\">\n\t\t\t\t<div class=\"elementor-widget-container\">\n\t\t\t\t\t\t\t\t\t<p><span style=\"font-weight: 400;\">At Taxi Bonjour Qu\u00e9bec, we're much more than just a transportation company. Founded with a clear vision of providing practical, reliable and innovative travel solutions, our company is committed to delivering an exceptional travel experience to each and every one of our passengers.<\/span><\/p>\t\t\t\t\t\t\t\t<\/div>\n\t\t\t\t<\/div>\n\t\t\t\t\t<\/div>\n\t\t<\/div>\n\t\t\t\t\t<\/div>\n\t\t<\/section>\n\t\t\t\t\t<\/div>\n\t\t<\/div>\n\t\t\t\t\t<\/div>\n\t\t<\/section>\n\t\t\t\t<section class=\"elementor-section elementor-top-section elementor-element elementor-element-8f77515 elementor-section-boxed elementor-section-height-default elementor-section-height-default\" data-id=\"8f77515\" data-element_type=\"section\" data-settings=\"{&quot;background_background&quot;:&quot;classic&quot;}\">\n\t\t\t\t\t\t<div class=\"elementor-container elementor-column-gap-default\">\n\t\t\t\t\t<div class=\"elementor-column elementor-col-50 elementor-top-column elementor-element elementor-element-40dab131\" data-id=\"40dab131\" data-element_type=\"column\">\n\t\t\t<div class=\"elementor-widget-wrap elementor-element-populated\">\n\t\t\t\t\t\t<div class=\"elementor-element elementor-element-2a1d2c5b elementor-widget elementor-widget-heading\" data-id=\"2a1d2c5b\" data-element_type=\"widget\" data-widget_type=\"heading.default\">\n\t\t\t\t<div class=\"elementor-widget-container\">\n\t\t\t\t\t<h2 class=\"elementor-heading-title elementor-size-default\">Our Quality Commitment\n<\/h2>\t\t\t\t<\/div>\n\t\t\t\t<\/div>\n\t\t\t\t<div class=\"elementor-element elementor-element-74c06405 elementor-widget elementor-widget-text-editor\" data-id=\"74c06405\" data-element_type=\"widget\" data-widget_type=\"text-editor.default\">\n\t\t\t\t<div class=\"elementor-widget-container\">\n\t\t\t\t\t\t\t\t\t<p><span style=\"font-weight: 400;\">We continually strive to exceed customer service expectations. Our professional, experienced drivers are trained to ensure your safety, comfort and satisfaction on every journey.<\/span><\/p><p>With a diverse range of vehicles including sedans, minivans and limousines, we have options to suit all travel needs, whether for individual journeys, groups or special occasions.<\/p>\t\t\t\t\t\t\t\t<\/div>\n\t\t\t\t<\/div>\n\t\t\t\t\t<\/div>\n\t\t<\/div>\n\t\t\t\t<div class=\"elementor-column elementor-col-50 elementor-top-column elementor-element elementor-element-4a22232c\" data-id=\"4a22232c\" data-element_type=\"column\">\n\t\t\t<div class=\"elementor-widget-wrap elementor-element-populated\">\n\t\t\t\t\t\t<div class=\"elementor-element elementor-element-2928bf60 elementor-widget elementor-widget-heading\" data-id=\"2928bf60\" data-element_type=\"widget\" data-widget_type=\"heading.default\">\n\t\t\t\t<div class=\"elementor-widget-container\">\n\t\t\t\t\t<h3 class=\"elementor-heading-title elementor-size-default\">Ecological and responsible commitment\n<\/h3>\t\t\t\t<\/div>\n\t\t\t\t<\/div>\n\t\t\t\t<div class=\"elementor-element elementor-element-6346ad4f elementor-widget elementor-widget-text-editor\" data-id=\"6346ad4f\" data-element_type=\"widget\" data-widget_type=\"text-editor.default\">\n\t\t\t\t<div class=\"elementor-widget-container\">\n\t\t\t\t\t\t\t\t\t<p><span style=\"font-weight: 400;\">We are proud of our initiative for more environmentally-friendly transportation. By increasing our fleet of hybrid and electric cars, we are actively helping to reduce our carbon footprint and promote sustainable travel.<\/span><\/p><p>\u00a0<\/p>\t\t\t\t\t\t\t\t<\/div>\n\t\t\t\t<\/div>\n\t\t\t\t<div class=\"elementor-element elementor-element-6da26ba elementor-widget elementor-widget-heading\" data-id=\"6da26ba\" data-element_type=\"widget\" data-widget_type=\"heading.default\">\n\t\t\t\t<div class=\"elementor-widget-container\">\n\t\t\t\t\t<h3 class=\"elementor-heading-title elementor-size-default\">Impeccable Service, Always at Your Service\n<\/h3>\t\t\t\t<\/div>\n\t\t\t\t<\/div>\n\t\t\t\t<div class=\"elementor-element elementor-element-7de7e5a elementor-widget elementor-widget-text-editor\" data-id=\"7de7e5a\" data-element_type=\"widget\" data-widget_type=\"text-editor.default\">\n\t\t\t\t<div class=\"elementor-widget-container\">\n\t\t\t\t\t\t\t\t\t<p>Our commitment to punctuality, reliability and professionalism makes Taxi Bonjour Qu\u00e8bec the preferred choice for your travel needs in Montreal, Toronto and Laval. We're available 24\/7 to meet your transportation needs, whether for local trips or airport transfers.<\/p>\t\t\t\t\t\t\t\t<\/div>\n\t\t\t\t<\/div>\n\t\t\t\t\t<\/div>\n\t\t<\/div>\n\t\t\t\t\t<\/div>\n\t\t<\/section>\n\t\t\t\t<section class=\"elementor-section elementor-top-section elementor-element elementor-element-750d46ef elementor-section-full_width elementor-section-height-default elementor-section-height-default\" data-id=\"750d46ef\" data-element_type=\"section\" data-settings=\"{&quot;background_background&quot;:&quot;classic&quot;}\">\n\t\t\t\t\t\t<div class=\"elementor-container elementor-column-gap-default\">\n\t\t\t\t\t<div class=\"elementor-column elementor-col-100 elementor-top-column elementor-element elementor-element-ce79bdd\" data-id=\"ce79bdd\" data-element_type=\"column\">\n\t\t\t<div class=\"elementor-widget-wrap elementor-element-populated\">\n\t\t\t\t\t\t<div class=\"elementor-element elementor-element-57bb62e elementor-pagination-position-outside elementor-widget elementor-widget-image-carousel\" data-id=\"57bb62e\" data-element_type=\"widget\" data-settings=\"{&quot;slides_to_show&quot;:&quot;3&quot;,&quot;navigation&quot;:&quot;dots&quot;,&quot;autoplay&quot;:&quot;yes&quot;,&quot;pause_on_hover&quot;:&quot;yes&quot;,&quot;pause_on_interaction&quot;:&quot;yes&quot;,&quot;autoplay_speed&quot;:5000,&quot;infinite&quot;:&quot;yes&quot;,&quot;speed&quot;:500,&quot;image_spacing_custom&quot;:{&quot;unit&quot;:&quot;px&quot;,&quot;size&quot;:20,&quot;sizes&quot;:[]},&quot;image_spacing_custom_tablet&quot;:{&quot;unit&quot;:&quot;px&quot;,&quot;size&quot;:&quot;&quot;,&quot;sizes&quot;:[]},&quot;image_spacing_custom_mobile&quot;:{&quot;unit&quot;:&quot;px&quot;,&quot;size&quot;:&quot;&quot;,&quot;sizes&quot;:[]}}\" data-widget_type=\"image-carousel.default\">\n\t\t\t\t<div class=\"elementor-widget-container\">\n\t\t\t\t\t\t\t<div class=\"elementor-image-carousel-wrapper swiper\" role=\"region\" aria-roledescription=\"carousel\" aria-label=\"Image Carousel\" dir=\"ltr\">\n\t\t\t<div class=\"elementor-image-carousel swiper-wrapper swiper-image-stretch\" aria-live=\"off\">\n\t\t\t\t\t\t\t\t<div class=\"swiper-slide\" role=\"group\" aria-roledescription=\"slide\" aria-label=\"1 of 5\"><figure class=\"swiper-slide-inner\"><img decoding=\"async\" class=\"swiper-slide-image\" src=\"https:\/\/taxibonjourquebec.com\/wp-content\/uploads\/2024\/03\/2.png\" alt=\"2\" \/><\/figure><\/div><div class=\"swiper-slide\" role=\"group\" aria-roledescription=\"slide\" aria-label=\"2 of 5\"><figure class=\"swiper-slide-inner\"><img decoding=\"async\" class=\"swiper-slide-image\" src=\"https:\/\/taxibonjourquebec.com\/wp-content\/uploads\/2024\/03\/3.png\" alt=\"3\" \/><\/figure><\/div><div class=\"swiper-slide\" role=\"group\" aria-roledescription=\"slide\" aria-label=\"3 of 5\"><figure class=\"swiper-slide-inner\"><img decoding=\"async\" class=\"swiper-slide-image\" src=\"https:\/\/taxibonjourquebec.com\/wp-content\/uploads\/2024\/03\/5.png\" alt=\"5\" \/><\/figure><\/div><div class=\"swiper-slide\" role=\"group\" aria-roledescription=\"slide\" aria-label=\"4 of 5\"><figure class=\"swiper-slide-inner\"><img decoding=\"async\" class=\"swiper-slide-image\" src=\"https:\/\/taxibonjourquebec.com\/wp-content\/uploads\/2024\/03\/6.png\" alt=\"6\" \/><\/figure><\/div><div class=\"swiper-slide\" role=\"group\" aria-roledescription=\"slide\" aria-label=\"5 of 5\"><figure class=\"swiper-slide-inner\"><img decoding=\"async\" class=\"swiper-slide-image\" src=\"https:\/\/taxibonjourquebec.com\/wp-content\/uploads\/2024\/03\/4.png\" alt=\"4\" \/><\/figure><\/div>\t\t\t<\/div>\n\t\t\t\t\t\t\t\n\t\t\t\t\t\t\t\t\t<div class=\"swiper-pagination\"><\/div>\n\t\t\t\t\t\t\t\t\t<\/div>\n\t\t\t\t\t\t<\/div>\n\t\t\t\t<\/div>\n\t\t\t\t\t<\/div>\n\t\t<\/div>\n\t\t\t\t\t<\/div>\n\t\t<\/section>\n\t\t\t\t<section class=\"elementor-section elementor-top-section elementor-element elementor-element-3fdf4c3 elementor-section-boxed elementor-section-height-default elementor-section-height-default\" data-id=\"3fdf4c3\" data-element_type=\"section\" data-settings=\"{&quot;background_background&quot;:&quot;classic&quot;}\">\n\t\t\t\t\t\t<div class=\"elementor-container elementor-column-gap-default\">\n\t\t\t\t\t<div class=\"elementor-column elementor-col-100 elementor-top-column elementor-element elementor-element-d7db632\" data-id=\"d7db632\" data-element_type=\"column\">\n\t\t\t<div class=\"elementor-widget-wrap elementor-element-populated\">\n\t\t\t\t\t\t<div class=\"elementor-element elementor-element-b828f28 elementor-widget elementor-widget-heading\" data-id=\"b828f28\" data-element_type=\"widget\" data-widget_type=\"heading.default\">\n\t\t\t\t<div class=\"elementor-widget-container\">\n\t\t\t\t\t<h2 class=\"elementor-heading-title elementor-size-small\">Book Your Next Trip With Us\n<\/h2>\t\t\t\t<\/div>\n\t\t\t\t<\/div>\n\t\t\t\t<div class=\"elementor-element elementor-element-ba37c3d elementor-widget elementor-widget-text-editor\" data-id=\"ba37c3d\" data-element_type=\"widget\" data-widget_type=\"text-editor.default\">\n\t\t\t\t<div class=\"elementor-widget-container\">\n\t\t\t\t\t\t\t\t\t<p><span style=\"font-weight: 400;\">Trust Taxi Bonjour Qu\u00e8bec for worry-free travel. Book your next trip online now or contact us for any specific request. Travel with confidence and comfort by choosing our cab service dedicated to making your transportation experience unforgettable.<\/span><\/p>\t\t\t\t\t\t\t\t<\/div>\n\t\t\t\t<\/div>\n\t\t\t\t<div class=\"elementor-element elementor-element-3cfa5a3 elementor-align-center elementor-mobile-align-justify elementor-widget elementor-widget-button\" data-id=\"3cfa5a3\" data-element_type=\"widget\" data-widget_type=\"button.default\">\n\t\t\t\t<div class=\"elementor-widget-container\">\n\t\t\t\t\t\t\t\t\t<div class=\"elementor-button-wrapper\">\n\t\t\t\t\t<a class=\"elementor-button elementor-button-link elementor-size-lg\" href=\"https:\/\/taxibonjourquebec.com\/en\/booking\/\">\n\t\t\t\t\t\t<span class=\"elementor-button-content-wrapper\">\n\t\t\t\t\t\t\t\t\t<span class=\"elementor-button-text\">ORDER A CAB<\/span>\n\t\t\t\t\t<\/span>\n\t\t\t\t\t<\/a>\n\t\t\t\t<\/div>\n\t\t\t\t\t\t\t\t<\/div>\n\t\t\t\t<\/div>\n\t\t\t\t\t<\/div>\n\t\t<\/div>\n\t\t\t\t\t<\/div>\n\t\t<\/section>\n\t\t<div class=\"elementor-element elementor-element-ba250cc e-flex e-con-boxed e-con e-parent\" data-id=\"ba250cc\" data-element_type=\"container\">\n\t\t\t\t\t<div class=\"e-con-inner\">\n\t\t\t\t<div class=\"elementor-element elementor-element-c38d6ab elementor-widget elementor-widget-heading\" data-id=\"c38d6ab\" data-element_type=\"widget\" data-widget_type=\"heading.default\">\n\t\t\t\t<div class=\"elementor-widget-container\">\n\t\t\t\t\t<h3 class=\"elementor-heading-title elementor-size-default\">SERVICE AREAS\n<\/h3>\t\t\t\t<\/div>\n\t\t\t\t<\/div>\n\t\t\t\t<div class=\"elementor-element elementor-element-5d6c45d elementor-widget elementor-widget-heading\" data-id=\"5d6c45d\" data-element_type=\"widget\" data-widget_type=\"heading.default\">\n\t\t\t\t<div class=\"elementor-widget-container\">\n\t\t\t\t\t<h3 class=\"elementor-heading-title elementor-size-default\">DISCOVER THE BEST TAXI SERVICE IN AND AROUND QUEBEC CITY !<\/h3>\t\t\t\t<\/div>\n\t\t\t\t<\/div>\n\t\t\t\t<div class=\"elementor-element elementor-element-cde3b87 elementor-widget elementor-widget-heading\" data-id=\"cde3b87\" data-element_type=\"widget\" data-widget_type=\"heading.default\">\n\t\t\t\t<div class=\"elementor-widget-container\">\n\t\t\t\t\t<h3 class=\"elementor-heading-title elementor-size-default\">McMasterville, La Prairie, Varennes, Saint, Lazare, Saint-Amable, Sainte-Catherine, Saint-Michel, Mont-Saint-Hilaire, Saint-Basile-le-grand, Pincourt, Notre-Dame-de-l'\u00eele-Perrot, Mercier, Beloeil, L'\u00eele-Perrot, St-Bruno-de-Montarville, Candiac, Delson, Napierville, Coteau-du-Lac, Saint-Robert, Saint-urbain-premier<\/h3>\t\t\t\t<\/div>\n\t\t\t\t<\/div>\n\t\t\t\t\t<\/div>\n\t\t\t\t<\/div>\n\t\t\t\t<\/div>","protected":false},"excerpt":{"rendered":"<p>\u00c0 Propos de Taxi Bonjour Qu\u00e9bec Chez Taxi Bonjour Qu\u00e9bec, nous sommes bien plus qu&rsquo;une simple compagnie de transport. Fond\u00e9e avec une vision claire de fournir des solutions de d\u00e9placement pratiques, fiables et innovantes, notre entreprise s&rsquo;engage \u00e0 offrir une exp\u00e9rience de voyage exceptionnelle \u00e0 chacun de nos passagers. Notre Engagement envers la Qualit\u00e9 Nous&#8230;<\/p>","protected":false},"author":5,"featured_media":0,"parent":0,"menu_order":0,"comment_status":"closed","ping_status":"closed","template":"","meta":{"_kadence_starter_templates_imported_post":true,"_kad_post_transparent":"","_kad_post_title":"hide","_kad_post_layout":"fullwidth","_kad_post_sidebar_id":"","_kad_post_content_style":"boxed","_kad_post_vertical_padding":"hide","_kad_post_feature":"hide","_kad_post_feature_position":"","_kad_post_header":false,"_kad_post_footer":false,"slim_seo":{"title":"A Propos - Taxi Bonjour Express","description":"\u00c0 Propos de Taxi Bonjour Qu\u00e9bec Chez Taxi Bonjour Qu\u00e9bec, nous sommes bien plus qu'une simple compagnie de transport. Fond\u00e9e avec une vision claire de fournir d"},"footnotes":""},"class_list":["post-1575","page","type-page","status-publish","hentry"],"_links":{"self":[{"href":"https:\/\/taxibonjourquebec.com\/en\/wp-json\/wp\/v2\/pages\/1575","targetHints":{"allow":["GET"]}}],"collection":[{"href":"https:\/\/taxibonjourquebec.com\/en\/wp-json\/wp\/v2\/pages"}],"about":[{"href":"https:\/\/taxibonjourquebec.com\/en\/wp-json\/wp\/v2\/types\/page"}],"author":[{"embeddable":true,"href":"https:\/\/taxibonjourquebec.com\/en\/wp-json\/wp\/v2\/users\/5"}],"replies":[{"embeddable":true,"href":"https:\/\/taxibonjourquebec.com\/en\/wp-json\/wp\/v2\/comments?post=1575"}],"version-history":[{"count":162,"href":"https:\/\/taxibonjourquebec.com\/en\/wp-json\/wp\/v2\/pages\/1575\/revisions"}],"predecessor-version":[{"id":4451,"href":"https:\/\/taxibonjourquebec.com\/en\/wp-json\/wp\/v2\/pages\/1575\/revisions\/4451"}],"wp:attachment":[{"href":"https:\/\/taxibonjourquebec.com\/en\/wp-json\/wp\/v2\/media?parent=1575"}],"curies":[{"name":"wp","href":"https:\/\/api.w.org\/{rel}","templated":true}]}}